{"id":19,"date":"2013-10-27T20:54:02","date_gmt":"2013-10-27T19:54:02","guid":{"rendered":"http:\/\/www.michaelgrube.com\/?page_id=19"},"modified":"2022-12-04T19:47:59","modified_gmt":"2022-12-04T19:47:59","slug":"ueber-mich","status":"publish","type":"page","link":"https:\/\/michaelgrube.com\/blog\/ueber-mich\/","title":{"rendered":"\u00dcber mich"},"content":{"rendered":"<p><strong><img data-recalc-dims=\"1\" loading=\"lazy\" decoding=\"async\" class=\"alignnone size-medium wp-image-72\" src=\"https:\/\/i0.wp.com\/michaelgrube.com\/blog\/wp-content\/uploads\/2022\/12\/Foto.png?resize=237%2C300&#038;ssl=1\" alt=\"\" width=\"237\" height=\"300\" srcset=\"https:\/\/i0.wp.com\/michaelgrube.com\/blog\/wp-content\/uploads\/2022\/12\/Foto.png?resize=237%2C300&amp;ssl=1 237w, https:\/\/i0.wp.com\/michaelgrube.com\/blog\/wp-content\/uploads\/2022\/12\/Foto.png?w=395&amp;ssl=1 395w\" sizes=\"auto, (max-width: 237px) 100vw, 237px\" \/><\/strong><\/p>\n<p><strong>Mein Name ist Michael Grube und Du befindest dich auf meinem Blog.<\/strong><\/p>\n<p>Ich komme aus L\u00f6\u00dfnitz und habe mit 16 eine Lehre zum B\u00fcrokaufmann gemacht.<\/p>\n<p>Das war eine \u00dcberbetriebliche Ausbildung, daher war ich danach f\u00fcr 5 Jahre Arbeitslos, abgesehen von einen Midi-Job.<\/p>\n<p>W\u00e4hrend dieser Zeit habe ich nach M\u00f6glichkeiten gesucht Geld zu verdienen. Doch das war anfangs noch nicht so erfolgreich.<\/p>\n<h3>Ein Neuanfang?<\/h3>\n<p>Bis ich auf Paidmailer gestossen bin. Dies war nicht viel, aber besser als nichts. Dadurch bin ich auf Internet-Marketer gestossen, ich habe zwar keinen Gewinn in Form von Geld gemacht aber habe mehr erfahren.<\/p>\n<p>Auf ein tolles Gesch\u00e4ft bin ich allerdings gestossen, damit ist es leider vorbei.<\/p>\n<p>Sp\u00e4ter habe ich von Experten geh\u00f6rt und noch mehr gelernt. Das meiste sogar kostenlos.<\/p>\n<p>Beste Gr\u00fc\u00dfe<\/p>\n<p>Michael<\/p>\n","protected":false},"excerpt":{"rendered":"<p>Mein Name ist Michael Grube und Du befindest dich auf meinem Blog. Ich komme aus L\u00f6\u00dfnitz und habe mit 16 eine Lehre zum B\u00fcrokaufmann gemacht. Das war eine \u00dcberbetriebliche Ausbildung, daher war ich danach f\u00fcr 5 Jahre Arbeitslos, abgesehen von einen Midi-Job. W\u00e4hrend dieser Zeit habe ich nach M\u00f6glichkeiten gesucht Geld zu verdienen. Doch das [&hellip;]<\/p>\n","protected":false},"author":1,"featured_media":0,"parent":0,"menu_order":0,"comment_status":"closed","ping_status":"closed","template":"","meta":{"nf_dc_page":"","om_disable_all_campaigns":false,"footnotes":""},"class_list":["post-19","page","type-page","status-publish","hentry"],"yoast_head":"<!-- This site is optimized with the Yoast SEO plugin v27.4 - https:\/\/yoast.com\/product\/yoast-seo-wordpress\/ -->\n<title>\u00dcber mich - Mein Blog<\/title>\n<meta name=\"robots\" content=\"index, follow, max-snippet:-1, max-image-preview:large, max-video-preview:-1\" \/>\n<link rel=\"canonical\" href=\"https:\/\/michaelgrube.com\/blog\/ueber-mich\/\" \/>\n<meta property=\"og:locale\" content=\"de_DE\" \/>\n<meta property=\"og:type\" content=\"article\" \/>\n<meta property=\"og:title\" content=\"\u00dcber mich - Mein Blog\" \/>\n<meta property=\"og:description\" content=\"Mein Name ist Michael Grube und Du befindest dich auf meinem Blog. Ich komme aus L\u00f6\u00dfnitz und habe mit 16 eine Lehre zum B\u00fcrokaufmann gemacht. Das war eine \u00dcberbetriebliche Ausbildung, daher war ich danach f\u00fcr 5 Jahre Arbeitslos, abgesehen von einen Midi-Job. W\u00e4hrend dieser Zeit habe ich nach M\u00f6glichkeiten gesucht Geld zu verdienen. Doch das [&hellip;]\" \/>\n<meta property=\"og:url\" content=\"https:\/\/michaelgrube.com\/blog\/ueber-mich\/\" \/>\n<meta property=\"og:site_name\" content=\"Mein Blog\" \/>\n<meta property=\"article:modified_time\" content=\"2022-12-04T19:47:59+00:00\" \/>\n<meta property=\"og:image\" content=\"https:\/\/michaelgrube.com\/blog\/wp-content\/uploads\/2022\/12\/Foto-237x300.png\" \/>\n<meta name=\"twitter:card\" content=\"summary_large_image\" \/>\n<meta name=\"twitter:label1\" content=\"Gesch\u00e4tzte Lesezeit\" \/>\n\t<meta name=\"twitter:data1\" content=\"1\u00a0Minute\" \/>\n<script type=\"application\/ld+json\" class=\"yoast-schema-graph\">{\"@context\":\"https:\\\/\\\/schema.org\",\"@graph\":[{\"@type\":\"WebPage\",\"@id\":\"https:\\\/\\\/michaelgrube.com\\\/blog\\\/ueber-mich\\\/\",\"url\":\"https:\\\/\\\/michaelgrube.com\\\/blog\\\/ueber-mich\\\/\",\"name\":\"\u00dcber mich - Mein Blog\",\"isPartOf\":{\"@id\":\"https:\\\/\\\/michaelgrube.com\\\/blog\\\/#website\"},\"primaryImageOfPage\":{\"@id\":\"https:\\\/\\\/michaelgrube.com\\\/blog\\\/ueber-mich\\\/#primaryimage\"},\"image\":{\"@id\":\"https:\\\/\\\/michaelgrube.com\\\/blog\\\/ueber-mich\\\/#primaryimage\"},\"thumbnailUrl\":\"https:\\\/\\\/michaelgrube.com\\\/blog\\\/wp-content\\\/uploads\\\/2022\\\/12\\\/Foto-237x300.png\",\"datePublished\":\"2013-10-27T19:54:02+00:00\",\"dateModified\":\"2022-12-04T19:47:59+00:00\",\"breadcrumb\":{\"@id\":\"https:\\\/\\\/michaelgrube.com\\\/blog\\\/ueber-mich\\\/#breadcrumb\"},\"inLanguage\":\"de\",\"potentialAction\":[{\"@type\":\"ReadAction\",\"target\":[\"https:\\\/\\\/michaelgrube.com\\\/blog\\\/ueber-mich\\\/\"]}]},{\"@type\":\"ImageObject\",\"inLanguage\":\"de\",\"@id\":\"https:\\\/\\\/michaelgrube.com\\\/blog\\\/ueber-mich\\\/#primaryimage\",\"url\":\"https:\\\/\\\/i0.wp.com\\\/michaelgrube.com\\\/blog\\\/wp-content\\\/uploads\\\/2022\\\/12\\\/Foto.png?fit=395%2C500&ssl=1\",\"contentUrl\":\"https:\\\/\\\/i0.wp.com\\\/michaelgrube.com\\\/blog\\\/wp-content\\\/uploads\\\/2022\\\/12\\\/Foto.png?fit=395%2C500&ssl=1\",\"width\":395,\"height\":500},{\"@type\":\"BreadcrumbList\",\"@id\":\"https:\\\/\\\/michaelgrube.com\\\/blog\\\/ueber-mich\\\/#breadcrumb\",\"itemListElement\":[{\"@type\":\"ListItem\",\"position\":1,\"name\":\"Home\",\"item\":\"https:\\\/\\\/michaelgrube.com\\\/blog\\\/\"},{\"@type\":\"ListItem\",\"position\":2,\"name\":\"\u00dcber mich\"}]},{\"@type\":\"WebSite\",\"@id\":\"https:\\\/\\\/michaelgrube.com\\\/blog\\\/#website\",\"url\":\"https:\\\/\\\/michaelgrube.com\\\/blog\\\/\",\"name\":\"Mein Blog\",\"description\":\"Blog von Michael Grube\",\"potentialAction\":[{\"@type\":\"SearchAction\",\"target\":{\"@type\":\"EntryPoint\",\"urlTemplate\":\"https:\\\/\\\/michaelgrube.com\\\/blog\\\/?s={search_term_string}\"},\"query-input\":{\"@type\":\"PropertyValueSpecification\",\"valueRequired\":true,\"valueName\":\"search_term_string\"}}],\"inLanguage\":\"de\"}]}<\/script>\n<!-- \/ Yoast SEO plugin. -->","yoast_head_json":{"title":"\u00dcber mich - Mein Blog","robots":{"index":"index","follow":"follow","max-snippet":"max-snippet:-1","max-image-preview":"max-image-preview:large","max-video-preview":"max-video-preview:-1"},"canonical":"https:\/\/michaelgrube.com\/blog\/ueber-mich\/","og_locale":"de_DE","og_type":"article","og_title":"\u00dcber mich - Mein Blog","og_description":"Mein Name ist Michael Grube und Du befindest dich auf meinem Blog. Ich komme aus L\u00f6\u00dfnitz und habe mit 16 eine Lehre zum B\u00fcrokaufmann gemacht. Das war eine \u00dcberbetriebliche Ausbildung, daher war ich danach f\u00fcr 5 Jahre Arbeitslos, abgesehen von einen Midi-Job. W\u00e4hrend dieser Zeit habe ich nach M\u00f6glichkeiten gesucht Geld zu verdienen. Doch das [&hellip;]","og_url":"https:\/\/michaelgrube.com\/blog\/ueber-mich\/","og_site_name":"Mein Blog","article_modified_time":"2022-12-04T19:47:59+00:00","og_image":[{"url":"https:\/\/michaelgrube.com\/blog\/wp-content\/uploads\/2022\/12\/Foto-237x300.png","type":"","width":"","height":""}],"twitter_card":"summary_large_image","twitter_misc":{"Gesch\u00e4tzte Lesezeit":"1\u00a0Minute"},"schema":{"@context":"https:\/\/schema.org","@graph":[{"@type":"WebPage","@id":"https:\/\/michaelgrube.com\/blog\/ueber-mich\/","url":"https:\/\/michaelgrube.com\/blog\/ueber-mich\/","name":"\u00dcber mich - Mein Blog","isPartOf":{"@id":"https:\/\/michaelgrube.com\/blog\/#website"},"primaryImageOfPage":{"@id":"https:\/\/michaelgrube.com\/blog\/ueber-mich\/#primaryimage"},"image":{"@id":"https:\/\/michaelgrube.com\/blog\/ueber-mich\/#primaryimage"},"thumbnailUrl":"https:\/\/michaelgrube.com\/blog\/wp-content\/uploads\/2022\/12\/Foto-237x300.png","datePublished":"2013-10-27T19:54:02+00:00","dateModified":"2022-12-04T19:47:59+00:00","breadcrumb":{"@id":"https:\/\/michaelgrube.com\/blog\/ueber-mich\/#breadcrumb"},"inLanguage":"de","potentialAction":[{"@type":"ReadAction","target":["https:\/\/michaelgrube.com\/blog\/ueber-mich\/"]}]},{"@type":"ImageObject","inLanguage":"de","@id":"https:\/\/michaelgrube.com\/blog\/ueber-mich\/#primaryimage","url":"https:\/\/i0.wp.com\/michaelgrube.com\/blog\/wp-content\/uploads\/2022\/12\/Foto.png?fit=395%2C500&ssl=1","contentUrl":"https:\/\/i0.wp.com\/michaelgrube.com\/blog\/wp-content\/uploads\/2022\/12\/Foto.png?fit=395%2C500&ssl=1","width":395,"height":500},{"@type":"BreadcrumbList","@id":"https:\/\/michaelgrube.com\/blog\/ueber-mich\/#breadcrumb","itemListElement":[{"@type":"ListItem","position":1,"name":"Home","item":"https:\/\/michaelgrube.com\/blog\/"},{"@type":"ListItem","position":2,"name":"\u00dcber mich"}]},{"@type":"WebSite","@id":"https:\/\/michaelgrube.com\/blog\/#website","url":"https:\/\/michaelgrube.com\/blog\/","name":"Mein Blog","description":"Blog von Michael Grube","potentialAction":[{"@type":"SearchAction","target":{"@type":"EntryPoint","urlTemplate":"https:\/\/michaelgrube.com\/blog\/?s={search_term_string}"},"query-input":{"@type":"PropertyValueSpecification","valueRequired":true,"valueName":"search_term_string"}}],"inLanguage":"de"}]}},"jetpack_sharing_enabled":true,"_links":{"self":[{"href":"https:\/\/michaelgrube.com\/blog\/wp-json\/wp\/v2\/pages\/19","targetHints":{"allow":["GET"]}}],"collection":[{"href":"https:\/\/michaelgrube.com\/blog\/wp-json\/wp\/v2\/pages"}],"about":[{"href":"https:\/\/michaelgrube.com\/blog\/wp-json\/wp\/v2\/types\/page"}],"author":[{"embeddable":true,"href":"https:\/\/michaelgrube.com\/blog\/wp-json\/wp\/v2\/users\/1"}],"replies":[{"embeddable":true,"href":"https:\/\/michaelgrube.com\/blog\/wp-json\/wp\/v2\/comments?post=19"}],"version-history":[{"count":1,"href":"https:\/\/michaelgrube.com\/blog\/wp-json\/wp\/v2\/pages\/19\/revisions"}],"predecessor-version":[{"id":73,"href":"https:\/\/michaelgrube.com\/blog\/wp-json\/wp\/v2\/pages\/19\/revisions\/73"}],"wp:attachment":[{"href":"https:\/\/michaelgrube.com\/blog\/wp-json\/wp\/v2\/media?parent=19"}],"curies":[{"name":"wp","href":"https:\/\/api.w.org\/{rel}","templated":true}]}}